{"id":57,"date":"2013-12-16T13:54:05","date_gmt":"2013-12-16T11:54:05","guid":{"rendered":"http:\/\/www.modernekunst.at\/winkler\/?page_id=57"},"modified":"2023-05-20T10:37:09","modified_gmt":"2023-05-20T08:37:09","slug":"massage","status":"publish","type":"page","link":"https:\/\/www.fachinstitut-winkler.at\/?page_id=57","title":{"rendered":"Massage"},"content":{"rendered":"\n<div class=\"wp-block-columns is-layout-flex wp-container-core-columns-is-layout-9d6595d7 wp-block-columns-is-layout-flex\">\n<div class=\"wp-block-column is-layout-flow wp-block-column-is-layout-flow\">\n<h3 class=\"wp-block-heading\">Klassische Massage<\/h3>\n\n\n\n<p>Die klassische Massage wirkt durchblutungsf\u00f6rdernd, regt den Zellstoffwechsel an, entspannt die Muskulatur und f\u00fchrt zum Abbau von Stress im ganzen K\u00f6rper.<\/p>\n<\/div>\n\n\n\n<div class=\"wp-block-column is-layout-flow wp-block-column-is-layout-flow\">\n<h3 class=\"wp-block-heading\">Fu\u00dfreflexzonenmassage<\/h3>\n\n\n\n<p>Diese Art der Massage wird v.a. in der Schmerztherapie und bei Durchblutungsst\u00f6rungen angewandt, sie wirkt Verspannungen entgegen.<\/p>\n<\/div>\n\n\n\n<div class=\"wp-block-column is-layout-flow wp-block-column-is-layout-flow\">\n<h3 class=\"wp-block-heading\">Lymphdrainage<\/h3>\n\n\n\n<p>Bei der Lymphdrainage werden \u00d6deme (Wasseransammlungen) im K\u00f6rper entstaut, sodass die Lymphfl\u00fcssigkeit zirkuliert und dadurch Schwellungen in Armen und Beinen abnehmen.<\/p>\n<\/div>\n<\/div>\n\n\n\n<div class=\"wp-block-columns is-layout-flex wp-container-core-columns-is-layout-9d6595d7 wp-block-columns-is-layout-flex\">\n<div class=\"wp-block-column is-layout-flow wp-block-column-is-layout-flow\"><\/div>\n\n\n\n<div class=\"wp-block-column is-layout-flow wp-block-column-is-layout-flow\">\n<div class=\"wp-block-uagb-image uagb-block-4b890677 wp-block-uagb-image--layout-default wp-block-uagb-image--effect-static wp-block-uagb-image--align-none\"><figure class=\"wp-block-uagb-image__figure\"><\/figure><\/div>\n<\/div>\n\n\n\n<div class=\"wp-block-column is-layout-flow wp-block-column-is-layout-flow\"><\/div>\n<\/div>\n","protected":false},"excerpt":{"rendered":"<p>Klassische Massage Die klassische Massage wirkt durchblutungsf\u00f6rdernd, regt den Zellstoffwechsel an, entspannt die Muskulatur und f\u00fchrt zum Abbau von Stress im ganzen K\u00f6rper. Fu\u00dfreflexzonenmassage Diese Art der Massage wird v.a. in der Schmerztherapie und bei Durchblutungsst\u00f6rungen angewandt, sie wirkt Verspannungen entgegen. Lymphdrainage Bei der Lymphdrainage werden \u00d6deme (Wasseransammlungen) im K\u00f6rper &#8230;<\/p>\n","protected":false},"author":1,"featured_media":0,"parent":0,"menu_order":0,"comment_status":"closed","ping_status":"open","template":"","meta":{"_uag_custom_page_level_css":"","ngg_post_thumbnail":0,"footnotes":""},"class_list":["post-57","page","type-page","status-publish","hentry","column","threecol"],"uagb_featured_image_src":{"full":false,"thumbnail":false,"medium":false,"medium_large":false,"large":false,"1536x1536":false,"2048x2048":false,"slider-thumb":false,"blog-thumb":false,"teaser-thumb":false,"gallery-1-thumb":false,"gallery-2-thumb":false,"gallery-3-thumb":false,"image-thumb":false,"video-thumb":false},"uagb_author_info":{"display_name":"Wolfgang","author_link":"https:\/\/www.fachinstitut-winkler.at\/?author=1"},"uagb_comment_info":0,"uagb_excerpt":"Klassische Massage Die klassische Massage wirkt durchblutungsf\u00f6rdernd, regt den Zellstoffwechsel an, entspannt die Muskulatur und f\u00fchrt zum Abbau von Stress im ganzen &#8230;","_links":{"self":[{"href":"https:\/\/www.fachinstitut-winkler.at\/index.php?rest_route=\/wp\/v2\/pages\/57","targetHints":{"allow":["GET"]}}],"collection":[{"href":"https:\/\/www.fachinstitut-winkler.at\/index.php?rest_route=\/wp\/v2\/pages"}],"about":[{"href":"https:\/\/www.fachinstitut-winkler.at\/index.php?rest_route=\/wp\/v2\/types\/page"}],"author":[{"embeddable":true,"href":"https:\/\/www.fachinstitut-winkler.at\/index.php?rest_route=\/wp\/v2\/users\/1"}],"replies":[{"embeddable":true,"href":"https:\/\/www.fachinstitut-winkler.at\/index.php?rest_route=%2Fwp%2Fv2%2Fcomments&post=57"}],"version-history":[{"count":44,"href":"https:\/\/www.fachinstitut-winkler.at\/index.php?rest_route=\/wp\/v2\/pages\/57\/revisions"}],"predecessor-version":[{"id":1354,"href":"https:\/\/www.fachinstitut-winkler.at\/index.php?rest_route=\/wp\/v2\/pages\/57\/revisions\/1354"}],"wp:attachment":[{"href":"https:\/\/www.fachinstitut-winkler.at\/index.php?rest_route=%2Fwp%2Fv2%2Fmedia&parent=57"}],"curies":[{"name":"wp","href":"https:\/\/api.w.org\/{rel}","templated":true}]}}