{"id":340,"date":"2013-12-17T17:59:31","date_gmt":"2013-12-17T15:59:31","guid":{"rendered":"http:\/\/www.modernekunst.at\/winkler\/?page_id=340"},"modified":"2014-09-30T10:27:08","modified_gmt":"2014-09-30T08:27:08","slug":"gaube-permanent-makeup-neu-definiert","status":"publish","type":"page","link":"https:\/\/www.fachinstitut-winkler.at\/?page_id=340","title":{"rendered":"Gaube &#8211; Permanent Make-up neu definiert"},"content":{"rendered":"<p><a href=\"http:\/\/www.fachinstitut-winkler.at\/wp-content\/uploads\/2013\/12\/gaube_kosmetik.jpg\"><img loading=\"lazy\" decoding=\"async\" class=\"alignnone size-medium wp-image-587\" alt=\"gaube_kosmetik\" src=\"http:\/\/www.fachinstitut-winkler.at\/wp-content\/uploads\/2013\/12\/gaube_kosmetik-300x50.jpg\" width=\"300\" height=\"50\" \/><\/a><\/p>\n<p>&nbsp;<\/p>\n<p>Seit einem viertel Jahrhundert sind wir um die Anliegen unserer Kundinnen und Kunden auch im Bereich des Permanent Make-up bem\u00fcht. <!--?xml:namespace prefix = \"o\" ns = \"urn:schemas-microsoft-com:office:office\" \/--><\/p>\n<p>Durch die intensive Zusammenarbeit mit nationalen und internationalen Profis im Beauty-Bereich und auch \u00c4rzten haben wir die h\u00f6chsten Standards und bieten neben Wimpernverdichtung, Lidstrich, H\u00e4rchen-Zeichnung der Augenbrauen, Lippenkontur und Schattierung, auch paramedizinische Pigmentierung an. Dabei werden z.B. fehlende Brustwarzen pigmentiert, Vitiligo-Flecken (Wei\u00dfflecken) kaschiert, uvm.<\/p>\n<p>&nbsp;<\/p>\n<p><p>no images were found<\/p><\/p>\n","protected":false},"excerpt":{"rendered":"<p>&nbsp; Seit einem viertel Jahrhundert sind wir um die Anliegen unserer Kundinnen und Kunden auch im Bereich des Permanent Make-up bem\u00fcht. Durch die intensive Zusammenarbeit mit nationalen und internationalen Profis im Beauty-Bereich und auch \u00c4rzten haben wir die h\u00f6chsten Standards und bieten neben Wimpernverdichtung, Lidstrich, H\u00e4rchen-Zeichnung der Augenbrauen, Lippenkontur und &#8230;<\/p>\n","protected":false},"author":1,"featured_media":0,"parent":0,"menu_order":0,"comment_status":"closed","ping_status":"open","template":"","meta":{"_uag_custom_page_level_css":"","ngg_post_thumbnail":0,"footnotes":""},"class_list":["post-340","page","type-page","status-publish","hentry","column","threecol"],"uagb_featured_image_src":{"full":false,"thumbnail":false,"medium":false,"medium_large":false,"large":false,"1536x1536":false,"2048x2048":false,"slider-thumb":false,"blog-thumb":false,"teaser-thumb":false,"gallery-1-thumb":false,"gallery-2-thumb":false,"gallery-3-thumb":false,"image-thumb":false,"video-thumb":false},"uagb_author_info":{"display_name":"Wolfgang","author_link":"https:\/\/www.fachinstitut-winkler.at\/?author=1"},"uagb_comment_info":0,"uagb_excerpt":"&nbsp; Seit einem viertel Jahrhundert sind wir um die Anliegen unserer Kundinnen und Kunden auch im Bereich des Permanent Make-up bem\u00fcht. Durch &#8230;","_links":{"self":[{"href":"https:\/\/www.fachinstitut-winkler.at\/index.php?rest_route=\/wp\/v2\/pages\/340","targetHints":{"allow":["GET"]}}],"collection":[{"href":"https:\/\/www.fachinstitut-winkler.at\/index.php?rest_route=\/wp\/v2\/pages"}],"about":[{"href":"https:\/\/www.fachinstitut-winkler.at\/index.php?rest_route=\/wp\/v2\/types\/page"}],"author":[{"embeddable":true,"href":"https:\/\/www.fachinstitut-winkler.at\/index.php?rest_route=\/wp\/v2\/users\/1"}],"replies":[{"embeddable":true,"href":"https:\/\/www.fachinstitut-winkler.at\/index.php?rest_route=%2Fwp%2Fv2%2Fcomments&post=340"}],"version-history":[{"count":8,"href":"https:\/\/www.fachinstitut-winkler.at\/index.php?rest_route=\/wp\/v2\/pages\/340\/revisions"}],"predecessor-version":[{"id":794,"href":"https:\/\/www.fachinstitut-winkler.at\/index.php?rest_route=\/wp\/v2\/pages\/340\/revisions\/794"}],"wp:attachment":[{"href":"https:\/\/www.fachinstitut-winkler.at\/index.php?rest_route=%2Fwp%2Fv2%2Fmedia&parent=340"}],"curies":[{"name":"wp","href":"https:\/\/api.w.org\/{rel}","templated":true}]}}