{"id":2,"date":"2013-11-14T11:20:13","date_gmt":"2013-11-14T09:20:13","guid":{"rendered":"http:\/\/www.modernekunst.at\/winkler\/?page_id=2"},"modified":"2023-05-14T15:00:11","modified_gmt":"2023-05-14T13:00:11","slug":"beispiel-seite","status":"publish","type":"page","link":"https:\/\/www.fachinstitut-winkler.at\/","title":{"rendered":""},"content":{"rendered":"<p>&nbsp;<\/p>\n<h1 style=\"text-align: center;\">Willkommen in Ihrer Wohlf\u00fchlwelt!<\/h1>\n<p>&nbsp;<\/p>\nngg_shortcode_0_placeholder\n<p style=\"text-align: center;\">Mag. Kathrin Winkler und ihr Team freuen sich darauf Sie mit hochwertigen Produkten und professionellem Engagement verw\u00f6hnen zu d\u00fcrfen!<\/p>\n<p style=\"text-align: center;\">Tauchen&nbsp;Sie ein in eine Welt voll Entspannung, lassen Sie Ihre Seele baumeln&nbsp;und g\u00f6nnen&nbsp;Sie sich&nbsp;Erholung f\u00fcr ihren K\u00f6rper und&nbsp;Geist.<\/p>\n<p style=\"text-align: center;\">&nbsp;\n<div class=\"ngg-galleryoverview ngg-slideshow\"\n\tid=\"ngg-slideshow-78ace1678bff4cb3b296b4050646c515-5023191780\"\n\tdata-gallery-id=\"78ace1678bff4cb3b296b4050646c515\"\n\tstyle=\"max-width: 600px;\n\t\t\tmax-height: 75px;\n\t\t\tdisplay: none;\">\n\n\t\n\t\t<a href=\"https:\/\/www.fachinstitut-winkler.at\/wp-content\/gallery\/logos\/mz11_p432.jpg\"\n\t\t\ttitle=\"\"\n\t\t\tdata-src=\"https:\/\/www.fachinstitut-winkler.at\/wp-content\/gallery\/logos\/mz11_p432.jpg\"\n\t\t\tdata-thumbnail=\"https:\/\/www.fachinstitut-winkler.at\/wp-content\/gallery\/logos\/thumbs\/thumbs_mz11_p432.jpg\"\n\t\t\tdata-image-id=\"2\"\n\t\t\tdata-title=\"mz11_p432\"\n\t\t\tdata-description=\"\"\n\t\t\t\t\t\t\t\t\t\t\t\t\t\t\tclass=\"ngg-fancybox\" rel=\"78ace1678bff4cb3b296b4050646c515\">\n\t\t\t\n\t\t\t<img data-image-id='2'\n\t\t\t\ttitle=\"\"\n\t\t\t\talt=\"mz11_p432\"\n\t\t\t\tsrc=\"https:\/\/www.fachinstitut-winkler.at\/wp-content\/gallery\/logos\/mz11_p432.jpg\"\n\t\t\t\tstyle=\"max-height: 55px;\"\/>\n\t\t<\/a>\n\n\t\t\n\t\t<a href=\"https:\/\/www.fachinstitut-winkler.at\/wp-content\/gallery\/logos\/biodroga_institut.jpg\"\n\t\t\ttitle=\"\"\n\t\t\tdata-src=\"https:\/\/www.fachinstitut-winkler.at\/wp-content\/gallery\/logos\/biodroga_institut.jpg\"\n\t\t\tdata-thumbnail=\"https:\/\/www.fachinstitut-winkler.at\/wp-content\/gallery\/logos\/thumbs\/thumbs_biodroga_institut.jpg\"\n\t\t\tdata-image-id=\"3\"\n\t\t\tdata-title=\"biodroga_institut\"\n\t\t\tdata-description=\"\"\n\t\t\t\t\t\t\t\t\t\t\t\t\t\t\tclass=\"ngg-fancybox\" rel=\"78ace1678bff4cb3b296b4050646c515\">\n\t\t\t\n\t\t\t<img data-image-id='3'\n\t\t\t\ttitle=\"\"\n\t\t\t\talt=\"biodroga_institut\"\n\t\t\t\tsrc=\"https:\/\/www.fachinstitut-winkler.at\/wp-content\/gallery\/logos\/biodroga_institut.jpg\"\n\t\t\t\tstyle=\"max-height: 55px;\"\/>\n\t\t<\/a>\n\n\t\t\n\t\t<a href=\"https:\/\/www.fachinstitut-winkler.at\/wp-content\/gallery\/logos\/sans-titre-2.png\"\n\t\t\ttitle=\"\"\n\t\t\tdata-src=\"https:\/\/www.fachinstitut-winkler.at\/wp-content\/gallery\/logos\/sans-titre-2.png\"\n\t\t\tdata-thumbnail=\"https:\/\/www.fachinstitut-winkler.at\/wp-content\/gallery\/logos\/thumbs\/thumbs_sans-titre-2.png\"\n\t\t\tdata-image-id=\"4\"\n\t\t\tdata-title=\"sans-titre-2\"\n\t\t\tdata-description=\"\"\n\t\t\t\t\t\t\t\t\t\t\t\t\t\t\tclass=\"ngg-fancybox\" rel=\"78ace1678bff4cb3b296b4050646c515\">\n\t\t\t\n\t\t\t<img data-image-id='4'\n\t\t\t\ttitle=\"\"\n\t\t\t\talt=\"sans-titre-2\"\n\t\t\t\tsrc=\"https:\/\/www.fachinstitut-winkler.at\/wp-content\/gallery\/logos\/sans-titre-2.png\"\n\t\t\t\tstyle=\"max-height: 55px;\"\/>\n\t\t<\/a>\n\n\t\t\n\t\t<a href=\"https:\/\/www.fachinstitut-winkler.at\/wp-content\/gallery\/logos\/4c-100c10.jpg\"\n\t\t\ttitle=\"\"\n\t\t\tdata-src=\"https:\/\/www.fachinstitut-winkler.at\/wp-content\/gallery\/logos\/4c-100c10.jpg\"\n\t\t\tdata-thumbnail=\"https:\/\/www.fachinstitut-winkler.at\/wp-content\/gallery\/logos\/thumbs\/thumbs_4c-100c10.jpg\"\n\t\t\tdata-image-id=\"6\"\n\t\t\tdata-title=\"4c-100c10\"\n\t\t\tdata-description=\"\"\n\t\t\t\t\t\t\t\t\t\t\t\t\t\t\tclass=\"ngg-fancybox\" rel=\"78ace1678bff4cb3b296b4050646c515\">\n\t\t\t\n\t\t\t<img data-image-id='6'\n\t\t\t\ttitle=\"\"\n\t\t\t\talt=\"4c-100c10\"\n\t\t\t\tsrc=\"https:\/\/www.fachinstitut-winkler.at\/wp-content\/gallery\/logos\/4c-100c10.jpg\"\n\t\t\t\tstyle=\"max-height: 55px;\"\/>\n\t\t<\/a>\n\n\t\t\n\t\t<a href=\"https:\/\/www.fachinstitut-winkler.at\/wp-content\/gallery\/logos\/logoqms.jpg\"\n\t\t\ttitle=\"\"\n\t\t\tdata-src=\"https:\/\/www.fachinstitut-winkler.at\/wp-content\/gallery\/logos\/logoqms.jpg\"\n\t\t\tdata-thumbnail=\"https:\/\/www.fachinstitut-winkler.at\/wp-content\/gallery\/logos\/thumbs\/thumbs_logoqms.jpg\"\n\t\t\tdata-image-id=\"10\"\n\t\t\tdata-title=\"logoqms\"\n\t\t\tdata-description=\"\"\n\t\t\t\t\t\t\t\t\t\t\t\t\t\t\tclass=\"ngg-fancybox\" rel=\"78ace1678bff4cb3b296b4050646c515\">\n\t\t\t\n\t\t\t<img data-image-id='10'\n\t\t\t\ttitle=\"\"\n\t\t\t\talt=\"logoqms\"\n\t\t\t\tsrc=\"https:\/\/www.fachinstitut-winkler.at\/wp-content\/gallery\/logos\/logoqms.jpg\"\n\t\t\t\tstyle=\"max-height: 55px;\"\/>\n\t\t<\/a>\n\n\t\t<\/div>\n\n\n<\/p>\n","protected":false},"excerpt":{"rendered":"<p>&nbsp; Willkommen in Ihrer Wohlf\u00fchlwelt! &nbsp; &nbsp; Mag. Kathrin Winkler und ihr Team freuen sich darauf Sie mit hochwertigen Produkten und professionellem Engagement verw\u00f6hnen zu d\u00fcrfen! Tauchen&nbsp;Sie ein in eine Welt voll Entspannung, lassen Sie Ihre Seele baumeln&nbsp;und g\u00f6nnen&nbsp;Sie sich&nbsp;Erholung f\u00fcr ihren K\u00f6rper und&nbsp;Geist. &nbsp;<\/p>\n","protected":false},"author":1,"featured_media":0,"parent":0,"menu_order":0,"comment_status":"closed","ping_status":"closed","template":"","meta":{"_uag_custom_page_level_css":"","ngg_post_thumbnail":0,"footnotes":""},"class_list":["post-2","page","type-page","status-publish","hentry","column","threecol"],"uagb_featured_image_src":{"full":false,"thumbnail":false,"medium":false,"medium_large":false,"large":false,"1536x1536":false,"2048x2048":false,"slider-thumb":false,"blog-thumb":false,"teaser-thumb":false,"gallery-1-thumb":false,"gallery-2-thumb":false,"gallery-3-thumb":false,"image-thumb":false,"video-thumb":false},"uagb_author_info":{"display_name":"Wolfgang","author_link":"https:\/\/www.fachinstitut-winkler.at\/?author=1"},"uagb_comment_info":0,"uagb_excerpt":"&nbsp; Willkommen in Ihrer Wohlf\u00fchlwelt! &nbsp; &nbsp; Mag. Kathrin Winkler und ihr Team freuen sich darauf Sie mit hochwertigen Produkten und professionellem &#8230;","_links":{"self":[{"href":"https:\/\/www.fachinstitut-winkler.at\/index.php?rest_route=\/wp\/v2\/pages\/2","targetHints":{"allow":["GET"]}}],"collection":[{"href":"https:\/\/www.fachinstitut-winkler.at\/index.php?rest_route=\/wp\/v2\/pages"}],"about":[{"href":"https:\/\/www.fachinstitut-winkler.at\/index.php?rest_route=\/wp\/v2\/types\/page"}],"author":[{"embeddable":true,"href":"https:\/\/www.fachinstitut-winkler.at\/index.php?rest_route=\/wp\/v2\/users\/1"}],"replies":[{"embeddable":true,"href":"https:\/\/www.fachinstitut-winkler.at\/index.php?rest_route=%2Fwp%2Fv2%2Fcomments&post=2"}],"version-history":[{"count":55,"href":"https:\/\/www.fachinstitut-winkler.at\/index.php?rest_route=\/wp\/v2\/pages\/2\/revisions"}],"predecessor-version":[{"id":1225,"href":"https:\/\/www.fachinstitut-winkler.at\/index.php?rest_route=\/wp\/v2\/pages\/2\/revisions\/1225"}],"wp:attachment":[{"href":"https:\/\/www.fachinstitut-winkler.at\/index.php?rest_route=%2Fwp%2Fv2%2Fmedia&parent=2"}],"curies":[{"name":"wp","href":"https:\/\/api.w.org\/{rel}","templated":true}]}}