{"id":1382,"date":"2023-05-20T16:27:24","date_gmt":"2023-05-20T14:27:24","guid":{"rendered":"https:\/\/www.fachinstitut-winkler.at\/?page_id=1382"},"modified":"2023-05-20T16:27:24","modified_gmt":"2023-05-20T14:27:24","slug":"relax-massagen","status":"publish","type":"page","link":"https:\/\/www.fachinstitut-winkler.at\/?page_id=1382","title":{"rendered":"Relax Massagen"},"content":{"rendered":"\n<div class=\"wp-block-columns is-layout-flex wp-container-core-columns-is-layout-9d6595d7 wp-block-columns-is-layout-flex\">\n<div class=\"wp-block-column is-layout-flow wp-block-column-is-layout-flow\" style=\"flex-basis:66.66%\">\n<p>Unsere Massagen wirken durchblutungsf\u00f6rdernd, regen den Zellstoffwechsel an, entspannt die Muskulatur und f\u00fchrt zum Abbau von Stress im ganzen K\u00f6rper.<br><br>Handmassage 20 Minuten<br>Fu\u00dfmassage 20 Minuten<br>Schulter-Nacken-Massage 20 Minuten<\/p>\n<\/div>\n\n\n\n<div class=\"wp-block-column is-layout-flow wp-block-column-is-layout-flow\" style=\"flex-basis:33.33%\">\n<div class=\"wp-block-uagb-image uagb-block-12a32bf7 wp-block-uagb-image--layout-default wp-block-uagb-image--effect-static wp-block-uagb-image--align-none\"><figure class=\"wp-block-uagb-image__figure\"><a class=\"\" href=\"https:\/\/www.fachinstitut-winkler.at\/wp-content\/uploads\/2023\/05\/Massage-2023-Mann.jpg\" target=\"\" rel=\"noopener\"><img decoding=\"async\" srcset=\"https:\/\/www.fachinstitut-winkler.at\/wp-content\/uploads\/2023\/05\/Massage-2023-Mann-1024x687.jpg \" sizes=\"auto, (max-width: 480px) 150px\" src=\"https:\/\/www.fachinstitut-winkler.at\/wp-content\/uploads\/2023\/05\/Massage-2023-Mann-1024x687.jpg\" alt=\"\" class=\"uag-image-1383\" width=\"1024\" height=\"687\" title=\"\" loading=\"lazy\"\/><\/a><\/figure><\/div>\n<\/div>\n<\/div>\n","protected":false},"excerpt":{"rendered":"<p>Unsere Massagen wirken durchblutungsf\u00f6rdernd, regen den Zellstoffwechsel an, entspannt die Muskulatur und f\u00fchrt zum Abbau von Stress im ganzen K\u00f6rper. Handmassage 20 MinutenFu\u00dfmassage 20 MinutenSchulter-Nacken-Massage 20 Minuten<\/p>\n","protected":false},"author":2,"featured_media":0,"parent":0,"menu_order":0,"comment_status":"closed","ping_status":"closed","template":"","meta":{"_uag_custom_page_level_css":"","ngg_post_thumbnail":0,"footnotes":""},"class_list":["post-1382","page","type-page","status-publish","hentry","column","threecol"],"uagb_featured_image_src":{"full":false,"thumbnail":false,"medium":false,"medium_large":false,"large":false,"1536x1536":false,"2048x2048":false,"slider-thumb":false,"blog-thumb":false,"teaser-thumb":false,"gallery-1-thumb":false,"gallery-2-thumb":false,"gallery-3-thumb":false,"image-thumb":false,"video-thumb":false},"uagb_author_info":{"display_name":"Kathrin Winkler","author_link":"https:\/\/www.fachinstitut-winkler.at\/?author=2"},"uagb_comment_info":0,"uagb_excerpt":"Unsere Massagen wirken durchblutungsf\u00f6rdernd, regen den Zellstoffwechsel an, entspannt die Muskulatur und f\u00fchrt zum Abbau von Stress im ganzen K\u00f6rper. Handmassage 20 &#8230;","_links":{"self":[{"href":"https:\/\/www.fachinstitut-winkler.at\/index.php?rest_route=\/wp\/v2\/pages\/1382","targetHints":{"allow":["GET"]}}],"collection":[{"href":"https:\/\/www.fachinstitut-winkler.at\/index.php?rest_route=\/wp\/v2\/pages"}],"about":[{"href":"https:\/\/www.fachinstitut-winkler.at\/index.php?rest_route=\/wp\/v2\/types\/page"}],"author":[{"embeddable":true,"href":"https:\/\/www.fachinstitut-winkler.at\/index.php?rest_route=\/wp\/v2\/users\/2"}],"replies":[{"embeddable":true,"href":"https:\/\/www.fachinstitut-winkler.at\/index.php?rest_route=%2Fwp%2Fv2%2Fcomments&post=1382"}],"version-history":[{"count":2,"href":"https:\/\/www.fachinstitut-winkler.at\/index.php?rest_route=\/wp\/v2\/pages\/1382\/revisions"}],"predecessor-version":[{"id":1385,"href":"https:\/\/www.fachinstitut-winkler.at\/index.php?rest_route=\/wp\/v2\/pages\/1382\/revisions\/1385"}],"wp:attachment":[{"href":"https:\/\/www.fachinstitut-winkler.at\/index.php?rest_route=%2Fwp%2Fv2%2Fmedia&parent=1382"}],"curies":[{"name":"wp","href":"https:\/\/api.w.org\/{rel}","templated":true}]}}